{"id":3537,"date":"2025-09-15T17:25:58","date_gmt":"2025-09-15T15:25:58","guid":{"rendered":"https:\/\/galaxik.cz\/domu\/?page_id=3537"},"modified":"2026-04-24T18:56:03","modified_gmt":"2026-04-24T16:56:03","slug":"oslavy","status":"publish","type":"page","link":"https:\/\/galaxik.cz\/domu\/oslavy\/","title":{"rendered":"Oslavy"},"content":{"rendered":"\t\t<div data-elementor-type=\"wp-post\" data-elementor-id=\"3537\" class=\"elementor elementor-3537\">\n\t\t\t\t\t\t<section class=\"elementor-section elementor-top-section elementor-element elementor-element-744e02e elementor-section-boxed elementor-section-height-default elementor-section-height-default\" data-id=\"744e02e\" data-element_type=\"section\" data-e-type=\"section\">\n\t\t\t\t\t\t<div class=\"elementor-container elementor-column-gap-default\">\n\t\t\t\t\t<div class=\"elementor-column elementor-col-100 elementor-top-column elementor-element elementor-element-aa2c99f\" data-id=\"aa2c99f\" data-element_type=\"column\" data-e-type=\"column\">\n\t\t\t<div class=\"elementor-widget-wrap elementor-element-populated\">\n\t\t\t\t\t\t<div class=\"elementor-element elementor-element-9e07bda elementor-widget elementor-widget-slider_revolution\" data-id=\"9e07bda\" data-element_type=\"widget\" data-e-type=\"widget\" data-widget_type=\"slider_revolution.default\">\n\t\t\t\t\t\n\t\t<div class=\"wp-block-themepunch-revslider\">\n\t\t\t\t<p class=\"rs-p-wp-fix\"><\/p>\n\t\t\t\t<sr7-module data-alias=\"home2\" data-id=\"2\" id=\"SR7_2_1\" class=\"rs-ov-hidden\" data-version=\"6.7.31\">\n\t\t\t\t\t<sr7-adjuster><\/sr7-adjuster>\n\t\t\t\t\t<sr7-content>\n\t\t\t\t\t\t<sr7-slide id=\"SR7_2_1-2\" data-key=\"2\">\n\t\t\t\t\t\t\t<sr7-bg id=\"SR7_2_1-2-25\" class=\"sr7-layer\"><noscript><img decoding=\"async\" src=\"https:\/\/galaxik.cz\/wp-content\/uploads\/2025\/08\/DSC_3195-scaled.jpeg\" alt=\"\" title=\"DSC_3195\"><\/noscript><\/sr7-bg>\n\t\t\t\t\t\t\t<sr7-txt id=\"SR7_2_1-2-5\" class=\"sr7-layer\"><\/sr7-txt>\n\t\t\t\t\t\t\t<sr7-txt id=\"SR7_2_1-2-17\" class=\"sr7-layer\">P\u0159ij\u010fte k n\u00e1m<br \/>\noslavit narozeniny!<br \/>\n<\/sr7-txt>\n\t\t\t\t\t\t\t<sr7-txt id=\"SR7_2_1-2-24\" class=\"sr7-layer\"><\/sr7-txt>\n\t\t\t\t\t\t<\/sr7-slide>\n\t\t\t\t\t\t<sr7-slide id=\"SR7_2_1-8\" data-key=\"8\">\n\t\t\t\t\t\t<\/sr7-slide>\n\t\t\t\t\t<\/sr7-content>\n\t\t\t\t\t<image_lists style=\"display:none\">\n\t\t\t\t\t\t<img data-src=\"\/\/galaxik.cz\/wp-content\/uploads\/2025\/08\/DSC_3195-scaled.jpeg\" data-libid=\"3514\" data-lib=\"medialibrary\" title=\"DSC_3195\" width=\"0\" height=\"0\" data-dbsrc=\"Ly9nYWxheGlrLmN6L3dwLWNvbnRlbnQvdXBsb2Fkcy8yMDI1LzA4L0RTQ18zMTk1LXNjYWxlZC5qcGVn\"\/>\n\t\t\t\t\t<\/image_lists>\n\t\t\t\t<\/sr7-module>\n\t\t\t\t<script>\n\t\t\t\t\tSR7.PMH ??={}; SR7.PMH[\"SR7_2_1\"] = {cn:100,state:false,fn: function() { if (_tpt!==undefined && _tpt.prepareModuleHeight !== undefined) {  _tpt.prepareModuleHeight({id:\"SR7_2_1\",el:[825,825,825,480,450],type:'standard',shdw:'0',gh:[825,825,825,480,450],gw:[1240,1240,1240,778,480],vpt:['-100px&#039;,&#039;-100px&#039;,&#039;-100px&#039;,&#039;-100px&#039;,&#039;-100px'],size:{fullWidth:true, fullHeight:false},mh:'0',onh:0,onw:0,bg:{color:'{\"orig\":\"transparent\",\"type\":\"solid\",\"string\":\"transparent\"}'}});   SR7.PMH[\"SR7_2_1\"].state=true;} else if(SR7.PMH[\"SR7_2_1\"].cn-->0)\tsetTimeout( SR7.PMH[\"SR7_2_1\"].fn,19);}};SR7.PMH[\"SR7_2_1\" ].fn();\n\t\t\t\t<\/script>\n<\/div>\n\n\t\t\t\t\t\t<\/div>\n\t\t\t\t\t<\/div>\n\t\t<\/div>\n\t\t\t\t\t<\/div>\n\t\t<\/section>\n\t\t\t\t<section class=\"elementor-section elementor-top-section elementor-element elementor-element-2bc3785 elementor-section-boxed elementor-section-height-default elementor-section-height-default\" data-id=\"2bc3785\" data-element_type=\"section\" data-e-type=\"section\" data-settings=\"{&quot;background_background&quot;:&quot;classic&quot;}\">\n\t\t\t\t\t\t<div class=\"elementor-container elementor-column-gap-default\">\n\t\t\t\t\t<div class=\"elementor-column elementor-col-100 elementor-top-column elementor-element elementor-element-ad96156\" data-id=\"ad96156\" data-element_type=\"column\" data-e-type=\"column\">\n\t\t\t<div class=\"elementor-widget-wrap elementor-element-populated\">\n\t\t\t\t\t\t<div class=\"elementor-element elementor-element-3997357 elementor-widget elementor-widget-spacer\" data-id=\"3997357\" data-element_type=\"widget\" data-e-type=\"widget\" data-widget_type=\"spacer.default\">\n\t\t\t\t\t\t\t<div class=\"elementor-spacer\">\n\t\t\t<div class=\"elementor-spacer-inner\"><\/div>\n\t\t<\/div>\n\t\t\t\t\t\t<\/div>\n\t\t\t\t\t<\/div>\n\t\t<\/div>\n\t\t\t\t\t<\/div>\n\t\t<\/section>\n\t\t\t\t<section class=\"elementor-section elementor-top-section elementor-element elementor-element-0d24cfb elementor-section-boxed elementor-section-height-default elementor-section-height-default\" data-id=\"0d24cfb\" data-element_type=\"section\" data-e-type=\"section\">\n\t\t\t\t\t\t<div class=\"elementor-container elementor-column-gap-default\">\n\t\t\t\t\t<div class=\"elementor-column elementor-col-100 elementor-top-column elementor-element elementor-element-a8154d6\" data-id=\"a8154d6\" data-element_type=\"column\" data-e-type=\"column\">\n\t\t\t<div class=\"elementor-widget-wrap elementor-element-populated\">\n\t\t\t\t\t\t<div class=\"elementor-element elementor-element-20a6090 elementor-widget elementor-widget-spacer\" data-id=\"20a6090\" data-element_type=\"widget\" data-e-type=\"widget\" data-widget_type=\"spacer.default\">\n\t\t\t\t\t\t\t<div class=\"elementor-spacer\">\n\t\t\t<div class=\"elementor-spacer-inner\"><\/div>\n\t\t<\/div>\n\t\t\t\t\t\t<\/div>\n\t\t\t\t\t<\/div>\n\t\t<\/div>\n\t\t\t\t\t<\/div>\n\t\t<\/section>\n\t\t\t\t<section class=\"elementor-section elementor-top-section elementor-element elementor-element-e2240d2 elementor-section-stretched elementor-section-boxed elementor-section-height-default elementor-section-height-default\" data-id=\"e2240d2\" data-element_type=\"section\" data-e-type=\"section\" data-settings=\"{&quot;stretch_section&quot;:&quot;section-stretched&quot;}\">\n\t\t\t\t\t\t<div class=\"elementor-container elementor-column-gap-extended\">\n\t\t\t\t\t<div class=\"elementor-column elementor-col-33 elementor-top-column elementor-element elementor-element-eced00b\" data-id=\"eced00b\" data-element_type=\"column\" data-e-type=\"column\">\n\t\t\t<div class=\"elementor-widget-wrap elementor-element-populated\">\n\t\t\t\t\t\t<div class=\"elementor-element elementor-element-8e011a1 elementor-invisible elementor-widget elementor-widget-image\" data-id=\"8e011a1\" data-element_type=\"widget\" data-e-type=\"widget\" data-settings=\"{&quot;_animation&quot;:&quot;fadeInLeft&quot;,&quot;_animation_delay&quot;:400}\" data-widget_type=\"image.default\">\n\t\t\t\t\t\t\t\t\t\t\t\t\t\t\t<img fetchpriority=\"high\" decoding=\"async\" width=\"1536\" height=\"2048\" src=\"https:\/\/galaxik.cz\/wp-content\/uploads\/2025\/10\/IMG_8194.jpeg\" class=\"attachment-full size-full wp-image-3695\" alt=\"\" srcset=\"https:\/\/galaxik.cz\/wp-content\/uploads\/2025\/10\/IMG_8194.jpeg 1536w, https:\/\/galaxik.cz\/wp-content\/uploads\/2025\/10\/IMG_8194-225x300.jpeg 225w, https:\/\/galaxik.cz\/wp-content\/uploads\/2025\/10\/IMG_8194-768x1024.jpeg 768w, https:\/\/galaxik.cz\/wp-content\/uploads\/2025\/10\/IMG_8194-1152x1536.jpeg 1152w\" sizes=\"(max-width: 1536px) 100vw, 1536px\" \/>\t\t\t\t\t\t\t\t\t\t\t\t\t\t\t<\/div>\n\t\t\t\t\t<\/div>\n\t\t<\/div>\n\t\t\t\t<div class=\"elementor-column elementor-col-33 elementor-top-column elementor-element elementor-element-5894051 elementor-invisible\" data-id=\"5894051\" data-element_type=\"column\" data-e-type=\"column\" data-settings=\"{&quot;background_background&quot;:&quot;classic&quot;,&quot;animation&quot;:&quot;fadeInRight&quot;,&quot;animation_delay&quot;:400}\">\n\t\t\t<div class=\"elementor-widget-wrap elementor-element-populated\">\n\t\t\t\t\t\t<div class=\"elementor-element elementor-element-9e91ce1 button-alt-2 elementor-widget elementor-widget-text-editor\" data-id=\"9e91ce1\" data-element_type=\"widget\" data-e-type=\"widget\" data-widget_type=\"text-editor.default\">\n\t\t\t\t\t\t\t\t\t<h4 style=\"text-align: center; padding-bottom: 20px;\"><span style=\"color: #ffffff;\">Ozv\u011bte se n\u00e1m!<\/span><\/h4>\n\n<p style=\"font-size: 20px; font-weight: 600; margin-bottom: 4px;\">\n    \ud83d\udcdd P\u0159es \n    <a href=\"https:\/\/galaxik.rezervujstul.cz\/\/\" style=\"color: #ffffff; font-weight: 600; text-decoration: underline;\" target=\"_blank\" rel=\"noopener\">\n        rezerva\u010dn\u00ed syst\u00e9m\n    <\/a>\n<\/p>\n\n<p style=\"font-size: 20px; font-weight: 600; margin: 4px 0;\">\u2709\ufe0f info@galaxik.cz<\/p>\n<p style=\"font-size: 20px; font-weight: 600; margin: 4px 0;\">\ud83d\udcde 773 530 100<\/p>\n<p style=\"font-size: 20px; margin-top: 14px;\">Budeme se t\u011b\u0161it! \ud83e\udd73<\/p>\t\t\t\t\t\t\t\t<\/div>\n\t\t\t\t\t<\/div>\n\t\t<\/div>\n\t\t\t\t<div class=\"elementor-column elementor-col-33 elementor-top-column elementor-element elementor-element-9e1295c\" data-id=\"9e1295c\" data-element_type=\"column\" data-e-type=\"column\">\n\t\t\t<div class=\"elementor-widget-wrap elementor-element-populated\">\n\t\t\t\t\t\t<div class=\"elementor-element elementor-element-adfee21 dbl-1st-block dbl-2nd-block elementor-widget elementor-widget-wgl-double-headings\" data-id=\"adfee21\" data-element_type=\"widget\" data-e-type=\"widget\" data-widget_type=\"wgl-double-headings.default\">\n\t\t\t\t<div class=\"elementor-widget-container\">\n\t\t\t\t\t<div class=\"wgl-double_heading\"><h3 class=\"dbl-titles_wrapper\"><span class=\"dbl-title__wrap title-1__wrap\"><span class=\"dbl-title__1\">Oslavte u n\u00e1s<\/span><\/span><span class=\"dbl-title__wrap title-2__wrap\"><span class=\"dbl-title__2\">narozeniny!<\/span><\/span><\/h3>        <\/div>\t\t\t\t<\/div>\n\t\t\t\t<\/div>\n\t\t\t\t<div class=\"elementor-element elementor-element-08c794a elementor-widget elementor-widget-text-editor\" data-id=\"08c794a\" data-element_type=\"widget\" data-e-type=\"widget\" data-widget_type=\"text-editor.default\">\n\t\t\t\t\t\t\t\t\t<p><img decoding=\"async\" class=\"emoji\" role=\"img\" draggable=\"false\" src=\"https:\/\/s.w.org\/images\/core\/emoji\/16.0.1\/svg\/1f389.svg\" alt=\"\ud83c\udf89\" \/> V\u011bd\u011bli jste, \u017ee V\u00e1m v Galax\u00edku uspo\u0159\u00e1d\u00e1me narozeninovou oslavu?\u00a0<\/p><p><img decoding=\"async\" class=\"emoji\" role=\"img\" draggable=\"false\" src=\"https:\/\/s.w.org\/images\/core\/emoji\/16.0.1\/svg\/1f388.svg\" alt=\"\ud83c\udf88\" \/>R\u00e1di V\u00e1m nachyst\u00e1me ob\u010derstven\u00ed pro d\u011bti i dosp\u011bl\u00e9 i bal\u00f3nkovou v\u00fdzdobu.<\/p><p>\u2728Objedn\u00e1vky v\u00fdzdoby, prk\u00e9nek a dal\u0161\u00ed po\u017eadavky pros\u00edm uv\u00e1d\u011bjte do pozn\u00e1mky k rezervaci.<\/p><p>\ud83c\udf82 Narozeninov\u00fd dort V\u00e1m r\u00e1di objedn\u00e1me u na\u0161\u00ed cukr\u00e1\u0159ky nebo si m\u016f\u017eete don\u00e9st vlastn\u00ed, a to bez poplatku. Vn\u00e1\u0161en\u00ed dal\u0161\u00edho ob\u010derstven\u00ed nen\u00ed povoleno.<\/p>\t\t\t\t\t\t\t\t<\/div>\n\t\t\t\t\t<\/div>\n\t\t<\/div>\n\t\t\t\t\t<\/div>\n\t\t<\/section>\n\t\t\t\t<section class=\"elementor-section elementor-top-section elementor-element elementor-element-ddc2893 elementor-section-boxed elementor-section-height-default elementor-section-height-default\" data-id=\"ddc2893\" data-element_type=\"section\" data-e-type=\"section\">\n\t\t\t\t\t\t<div class=\"elementor-container elementor-column-gap-default\">\n\t\t\t\t\t<div class=\"elementor-column elementor-col-100 elementor-top-column elementor-element elementor-element-8bcfa67\" data-id=\"8bcfa67\" data-element_type=\"column\" data-e-type=\"column\">\n\t\t\t<div class=\"elementor-widget-wrap elementor-element-populated\">\n\t\t\t\t\t\t<div class=\"elementor-element elementor-element-4fa1c23 elementor-widget elementor-widget-spacer\" data-id=\"4fa1c23\" data-element_type=\"widget\" data-e-type=\"widget\" data-widget_type=\"spacer.default\">\n\t\t\t\t\t\t\t<div class=\"elementor-spacer\">\n\t\t\t<div class=\"elementor-spacer-inner\"><\/div>\n\t\t<\/div>\n\t\t\t\t\t\t<\/div>\n\t\t\t\t\t<\/div>\n\t\t<\/div>\n\t\t\t\t\t<\/div>\n\t\t<\/section>\n\t\t<div class=\"elementor-element elementor-element-da8feee e-grid e-con-boxed e-con e-parent\" data-id=\"da8feee\" data-element_type=\"container\" data-e-type=\"container\">\n\t\t\t\t\t<div class=\"e-con-inner\">\n\t\t\t\t<div class=\"elementor-element elementor-element-f930315 elementor-widget elementor-widget-wgl-pricing-table\" data-id=\"f930315\" data-element_type=\"widget\" data-e-type=\"widget\" data-widget_type=\"wgl-pricing-table.default\">\n\t\t\t\t<div class=\"elementor-widget-container\">\n\t\t\t\t\t<div class=\"wgl__pricing_plan  wgl-button-wrapper \">\t\t\t<div class=\"pricing_plan_wrap\"><div class=\"pricing_header\"><span class=\"pricing_punch_1\"><\/span><span class=\"pricing_punch_2\"><\/span><span class=\"pricing_punch_3\"><\/span><div class=\"pricing_price_wrap\"><span class=\"price_currency\">V\u00fdzdoba<\/span><\/div><\/div><div class=\"pricing_content\"><div class=\"pricing_title_wrap\"><h4 class=\"pricing_title \">690 K\u010d \/ 1 190 K\u010d<\/h4><\/div><p style=\"text-align: left;\">\ud83c\udf88<strong> Z\u00e1kladn\u00ed 690 K\u010d<\/strong> (4x f\u00f3liov\u00e1 hv\u011bzda a 4x latexov\u00fd bal\u00f3nek, oboje nafouknut\u00e9 h\u00e9liem, stoj\u00e1nek s bal\u00f3nky, barevn\u00e9 ubrousky)<\/p><p style=\"text-align: left;\">\ud83c\udf88<strong>T\u00e9matick\u00e1 1190 K\u010d<\/strong> (10x h\u00e9liem nafouknut\u00e9 f\u00f3liov\u00e9 a latexov\u00e9 bal\u00f3nky ve zvolen\u00e9m t\u00e9matu, t\u0159pytiv\u00fd z\u00e1v\u011bs a girlanda na st\u011bnu, \u010d\u00edslovka s v\u011bkem oslavence a stoj\u00e1nek s bal\u00f3nky, barevn\u00e9 ubrousky, narozeninov\u00e9 \u010depi\u010dky)<\/p><\/div><div class=\"pricing_footer\"><div class=\"wgl__pricing_plan  wgl-button-wrapper \"><a class=\"wgl-button elementor-button button-link size-xl\" role=\"button\" href=\"https:\/\/galaxik.rezervujstul.cz\/\"><div class=\"button-content-wrapper \"><span class=\"elementor-button-text\">Rezervace<\/span><svg class=\"wgl-dashes inner-dashed-border animated-dashes\"><rect x=\"5px\" y=\"5px\" rx=\"23px\" ry=\"23px\" width=\"0\" height=\"0\"><\/rect><\/svg>            <\/div>\r\n            <\/a>\r\n        <\/div>\r\n        <\/div>\t\t\t<\/div>\r\n\t\t<\/div>\r\n\t\t\t\t\t\t<\/div>\n\t\t\t\t<\/div>\n\t\t\t\t<div class=\"elementor-element elementor-element-7002345 elementor-widget elementor-widget-wgl-pricing-table\" data-id=\"7002345\" data-element_type=\"widget\" data-e-type=\"widget\" data-widget_type=\"wgl-pricing-table.default\">\n\t\t\t\t<div class=\"elementor-widget-container\">\n\t\t\t\t\t<div class=\"wgl__pricing_plan  wgl-button-wrapper \">\t\t\t<div class=\"pricing_plan_wrap\"><div class=\"pricing_header\"><span class=\"pricing_punch_1\"><\/span><span class=\"pricing_punch_2\"><\/span><span class=\"pricing_punch_3\"><\/span><div class=\"pricing_price_wrap\"><span class=\"price_currency\">Ob\u010derstven\u00ed<\/span><\/div><\/div><div class=\"pricing_content\"><div class=\"pricing_title_wrap\"><h4 class=\"pricing_title \">490 - 890 K\u010d<\/h4><\/div><p style=\"text-align: left;\">Na stoly V\u00e1m r\u00e1di nachyst\u00e1me prk\u00e9nka. Na v\u00fdb\u011br m\u00e1me hned t\u0159i!<\/p><p style=\"text-align: left;\">\ud83e\uddc0 S\u00fdrov\u00e9 s uzeninami a o\u0159echy (990 K\u010d)<\/p><p style=\"text-align: left;\">\ud83e\uddc7 Sladk\u00e9 se \u010dty\u0159mi porcemi vafl\u00ed, t\u0159emi dipy a \u010derstv\u00fdm ovocem (490 K\u010d)<\/p><p style=\"text-align: left;\">\ud83c\udf57 Stripsy, hranolky a mozzarella sticks z horkovzdu\u0161n\u00e9 frit\u00e9zy, k tomu \u010dedarov\u00fd dip, ke\u010dup a tatarka (890 K\u010d)<\/p><\/div><div class=\"pricing_footer\"><div class=\"wgl__pricing_plan  wgl-button-wrapper \"><a class=\"wgl-button elementor-button button-link size-xl\" role=\"button\" href=\"https:\/\/galaxik.rezervujstul.cz\/\"><div class=\"button-content-wrapper \"><span class=\"elementor-button-text\">Rezervace<\/span><svg class=\"wgl-dashes inner-dashed-border animated-dashes\"><rect x=\"5px\" y=\"5px\" rx=\"23px\" ry=\"23px\" width=\"0\" height=\"0\"><\/rect><\/svg>            <\/div>\r\n            <\/a>\r\n        <\/div>\r\n        <\/div>\t\t\t<\/div>\r\n\t\t<\/div>\r\n\t\t\t\t\t\t<\/div>\n\t\t\t\t<\/div>\n\t\t\t\t\t<\/div>\n\t\t\t\t<\/div>\n\t\t<div class=\"elementor-element elementor-element-4c7f44b e-flex e-con-boxed e-con e-parent\" data-id=\"4c7f44b\" data-element_type=\"container\" data-e-type=\"container\">\n\t\t\t\t\t<div class=\"e-con-inner\">\n\t\t\t\t<div class=\"elementor-element elementor-element-6f23b67 gallery-spacing-custom elementor-widget elementor-widget-image-gallery\" data-id=\"6f23b67\" data-element_type=\"widget\" data-e-type=\"widget\" data-widget_type=\"image-gallery.default\">\n\t\t\t\t\t\t\t<div class=\"elementor-image-gallery\">\n\t\t\t\n\t\t<style type=\"text\/css\">\n\t\t\t#gallery-1 {\n\t\t\t\tmargin: auto;\n\t\t\t}\n\t\t\t#gallery-1 .gallery-item {\n\t\t\t\tfloat: left;\n\t\t\t\tmargin-top: 10px;\n\t\t\t\ttext-align: center;\n\t\t\t\twidth: 33%;\n\t\t\t}\n\t\t\t#gallery-1 img {\n\t\t\t\tborder: 2px solid #cfcfcf;\n\t\t\t}\n\t\t\t#gallery-1 .gallery-caption {\n\t\t\t\tmargin-left: 0;\n\t\t\t}\n\t\t\t\/* see gallery_shortcode() in wp-includes\/media.php *\/\n\t\t<\/style>\n\t\t<div id='gallery-1' class='gallery galleryid-3537 gallery-columns-3 gallery-size-littledino-440-440'><dl class='gallery-item'>\n\t\t\t<dt class='gallery-icon portrait'>\n\t\t\t\t<a data-elementor-open-lightbox=\"yes\" data-elementor-lightbox-slideshow=\"6f23b67\" data-elementor-lightbox-title=\"IMG_8191\" data-e-action-hash=\"#elementor-action%3Aaction%3Dlightbox%26settings%3DeyJpZCI6MzY4MywidXJsIjoiaHR0cHM6XC9cL2dhbGF4aWsuY3pcL3dwLWNvbnRlbnRcL3VwbG9hZHNcLzIwMjVcLzEwXC9JTUdfODE5MS5qcGVnIiwic2xpZGVzaG93IjoiNmYyM2I2NyJ9\" href=\"https:\/\/galaxik.cz\/wp-content\/uploads\/2025\/10\/IMG_8191.jpeg\"><img decoding=\"async\" width=\"440\" height=\"440\" src=\"https:\/\/galaxik.cz\/wp-content\/uploads\/2025\/10\/IMG_8191-440x440.jpeg\" class=\"attachment-littledino-440-440 size-littledino-440-440\" alt=\"\" srcset=\"https:\/\/galaxik.cz\/wp-content\/uploads\/2025\/10\/IMG_8191-440x440.jpeg 440w, https:\/\/galaxik.cz\/wp-content\/uploads\/2025\/10\/IMG_8191-150x150.jpeg 150w, https:\/\/galaxik.cz\/wp-content\/uploads\/2025\/10\/IMG_8191-180x180.jpeg 180w, https:\/\/galaxik.cz\/wp-content\/uploads\/2025\/10\/IMG_8191-120x120.jpeg 120w\" sizes=\"(max-width: 440px) 100vw, 440px\" \/><\/a>\n\t\t\t<\/dt><\/dl><dl class='gallery-item'>\n\t\t\t<dt class='gallery-icon portrait'>\n\t\t\t\t<a data-elementor-open-lightbox=\"yes\" data-elementor-lightbox-slideshow=\"6f23b67\" data-elementor-lightbox-title=\"IMG_8199\" data-e-action-hash=\"#elementor-action%3Aaction%3Dlightbox%26settings%3DeyJpZCI6MzY4NCwidXJsIjoiaHR0cHM6XC9cL2dhbGF4aWsuY3pcL3dwLWNvbnRlbnRcL3VwbG9hZHNcLzIwMjVcLzEwXC9JTUdfODE5OS5qcGVnIiwic2xpZGVzaG93IjoiNmYyM2I2NyJ9\" href=\"https:\/\/galaxik.cz\/wp-content\/uploads\/2025\/10\/IMG_8199.jpeg\"><img loading=\"lazy\" decoding=\"async\" width=\"440\" height=\"440\" src=\"https:\/\/galaxik.cz\/wp-content\/uploads\/2025\/10\/IMG_8199-440x440.jpeg\" class=\"attachment-littledino-440-440 size-littledino-440-440\" alt=\"\" srcset=\"https:\/\/galaxik.cz\/wp-content\/uploads\/2025\/10\/IMG_8199-440x440.jpeg 440w, https:\/\/galaxik.cz\/wp-content\/uploads\/2025\/10\/IMG_8199-150x150.jpeg 150w, https:\/\/galaxik.cz\/wp-content\/uploads\/2025\/10\/IMG_8199-180x180.jpeg 180w, https:\/\/galaxik.cz\/wp-content\/uploads\/2025\/10\/IMG_8199-120x120.jpeg 120w\" sizes=\"(max-width: 440px) 100vw, 440px\" \/><\/a>\n\t\t\t<\/dt><\/dl><dl class='gallery-item'>\n\t\t\t<dt class='gallery-icon portrait'>\n\t\t\t\t<a data-elementor-open-lightbox=\"yes\" data-elementor-lightbox-slideshow=\"6f23b67\" data-elementor-lightbox-title=\"IMG_8411\" data-e-action-hash=\"#elementor-action%3Aaction%3Dlightbox%26settings%3DeyJpZCI6MzcxNCwidXJsIjoiaHR0cHM6XC9cL2dhbGF4aWsuY3pcL3dwLWNvbnRlbnRcL3VwbG9hZHNcLzIwMjVcLzExXC9JTUdfODQxMS1zY2FsZWQuanBnIiwic2xpZGVzaG93IjoiNmYyM2I2NyJ9\" href=\"https:\/\/galaxik.cz\/wp-content\/uploads\/2025\/11\/IMG_8411-scaled.jpg\"><img loading=\"lazy\" decoding=\"async\" width=\"440\" height=\"440\" src=\"https:\/\/galaxik.cz\/wp-content\/uploads\/2025\/11\/IMG_8411-440x440.jpg\" class=\"attachment-littledino-440-440 size-littledino-440-440\" alt=\"\" srcset=\"https:\/\/galaxik.cz\/wp-content\/uploads\/2025\/11\/IMG_8411-440x440.jpg 440w, https:\/\/galaxik.cz\/wp-content\/uploads\/2025\/11\/IMG_8411-150x150.jpg 150w, https:\/\/galaxik.cz\/wp-content\/uploads\/2025\/11\/IMG_8411-180x180.jpg 180w, https:\/\/galaxik.cz\/wp-content\/uploads\/2025\/11\/IMG_8411-120x120.jpg 120w\" sizes=\"(max-width: 440px) 100vw, 440px\" \/><\/a>\n\t\t\t<\/dt><\/dl><br style=\"clear: both\" \/><dl class='gallery-item'>\n\t\t\t<dt class='gallery-icon portrait'>\n\t\t\t\t<a data-elementor-open-lightbox=\"yes\" data-elementor-lightbox-slideshow=\"6f23b67\" data-elementor-lightbox-title=\"prkenko_slane\" data-e-action-hash=\"#elementor-action%3Aaction%3Dlightbox%26settings%3DeyJpZCI6MzY5MCwidXJsIjoiaHR0cHM6XC9cL2dhbGF4aWsuY3pcL3dwLWNvbnRlbnRcL3VwbG9hZHNcLzIwMjVcLzEwXC9wcmtlbmtvX3NsYW5lLTEuanBnIiwic2xpZGVzaG93IjoiNmYyM2I2NyJ9\" href=\"https:\/\/galaxik.cz\/wp-content\/uploads\/2025\/10\/prkenko_slane-1.jpg\"><img loading=\"lazy\" decoding=\"async\" width=\"440\" height=\"440\" src=\"https:\/\/galaxik.cz\/wp-content\/uploads\/2025\/10\/prkenko_slane-1-440x440.jpg\" class=\"attachment-littledino-440-440 size-littledino-440-440\" alt=\"\" srcset=\"https:\/\/galaxik.cz\/wp-content\/uploads\/2025\/10\/prkenko_slane-1-440x440.jpg 440w, https:\/\/galaxik.cz\/wp-content\/uploads\/2025\/10\/prkenko_slane-1-150x150.jpg 150w, https:\/\/galaxik.cz\/wp-content\/uploads\/2025\/10\/prkenko_slane-1-180x180.jpg 180w, https:\/\/galaxik.cz\/wp-content\/uploads\/2025\/10\/prkenko_slane-1-120x120.jpg 120w\" sizes=\"(max-width: 440px) 100vw, 440px\" \/><\/a>\n\t\t\t<\/dt><\/dl><dl class='gallery-item'>\n\t\t\t<dt class='gallery-icon portrait'>\n\t\t\t\t<a data-elementor-open-lightbox=\"yes\" data-elementor-lightbox-slideshow=\"6f23b67\" data-elementor-lightbox-title=\"prkenko_sladke\" data-e-action-hash=\"#elementor-action%3Aaction%3Dlightbox%26settings%3DeyJpZCI6MzY5MSwidXJsIjoiaHR0cHM6XC9cL2dhbGF4aWsuY3pcL3dwLWNvbnRlbnRcL3VwbG9hZHNcLzIwMjVcLzEwXC9wcmtlbmtvX3NsYWRrZS5qcGciLCJzbGlkZXNob3ciOiI2ZjIzYjY3In0%3D\" href=\"https:\/\/galaxik.cz\/wp-content\/uploads\/2025\/10\/prkenko_sladke.jpg\"><img loading=\"lazy\" decoding=\"async\" width=\"440\" height=\"440\" src=\"https:\/\/galaxik.cz\/wp-content\/uploads\/2025\/10\/prkenko_sladke-440x440.jpg\" class=\"attachment-littledino-440-440 size-littledino-440-440\" alt=\"\" srcset=\"https:\/\/galaxik.cz\/wp-content\/uploads\/2025\/10\/prkenko_sladke-440x440.jpg 440w, https:\/\/galaxik.cz\/wp-content\/uploads\/2025\/10\/prkenko_sladke-150x150.jpg 150w, https:\/\/galaxik.cz\/wp-content\/uploads\/2025\/10\/prkenko_sladke-180x180.jpg 180w, https:\/\/galaxik.cz\/wp-content\/uploads\/2025\/10\/prkenko_sladke-120x120.jpg 120w\" sizes=\"(max-width: 440px) 100vw, 440px\" \/><\/a>\n\t\t\t<\/dt><\/dl><dl class='gallery-item'>\n\t\t\t<dt class='gallery-icon portrait'>\n\t\t\t\t<a data-elementor-open-lightbox=\"yes\" data-elementor-lightbox-slideshow=\"6f23b67\" data-elementor-lightbox-title=\"stripsove\" data-e-action-hash=\"#elementor-action%3Aaction%3Dlightbox%26settings%3DeyJpZCI6MzgxMywidXJsIjoiaHR0cHM6XC9cL2dhbGF4aWsuY3pcL3dwLWNvbnRlbnRcL3VwbG9hZHNcLzIwMjZcLzAxXC9zdHJpcHNvdmUuanBlZyIsInNsaWRlc2hvdyI6IjZmMjNiNjcifQ%3D%3D\" href=\"https:\/\/galaxik.cz\/wp-content\/uploads\/2026\/01\/stripsove.jpeg\"><img loading=\"lazy\" decoding=\"async\" width=\"440\" height=\"440\" src=\"https:\/\/galaxik.cz\/wp-content\/uploads\/2026\/01\/stripsove-440x440.jpeg\" class=\"attachment-littledino-440-440 size-littledino-440-440\" alt=\"\" srcset=\"https:\/\/galaxik.cz\/wp-content\/uploads\/2026\/01\/stripsove-440x440.jpeg 440w, https:\/\/galaxik.cz\/wp-content\/uploads\/2026\/01\/stripsove-150x150.jpeg 150w, https:\/\/galaxik.cz\/wp-content\/uploads\/2026\/01\/stripsove-180x180.jpeg 180w, https:\/\/galaxik.cz\/wp-content\/uploads\/2026\/01\/stripsove-120x120.jpeg 120w\" sizes=\"(max-width: 440px) 100vw, 440px\" \/><\/a>\n\t\t\t<\/dt><\/dl><br style=\"clear: both\" \/>\n\t\t<\/div>\n\t\t<\/div>\n\t\t\t\t\t\t<\/div>\n\t\t\t\t\t<\/div>\n\t\t\t\t<\/div>\n\t\t\t\t<\/div>\n\t\t","protected":false},"excerpt":{"rendered":"<p>Ozv\u011bte se n\u00e1m! \ud83d\udcdd P\u0159es rezerva\u010dn\u00ed syst\u00e9m \u2709\ufe0f info@galaxik.cz \ud83d\udcde 773 530 100 Budeme se t\u011b\u0161it! \ud83e\udd73 Oslavte u n\u00e1snarozeniny! V\u011bd\u011bli jste, \u017ee V\u00e1m v Galax\u00edku uspo\u0159\u00e1d\u00e1me narozeninovou oslavu?\u00a0 R\u00e1di V\u00e1m nachyst\u00e1me ob\u010derstven\u00ed pro d\u011bti i dosp\u011bl\u00e9 i bal\u00f3nkovou v\u00fdzdobu. \u2728Objedn\u00e1vky v\u00fdzdoby, prk\u00e9nek a dal\u0161\u00ed po\u017eadavky pros\u00edm uv\u00e1d\u011bjte do pozn\u00e1mky k rezervaci. \ud83c\udf82 Narozeninov\u00fd dort [&hellip;]<\/p>\n","protected":false},"author":1,"featured_media":0,"parent":0,"menu_order":0,"comment_status":"closed","ping_status":"closed","template":"","meta":{"footnotes":""},"class_list":["post-3537","page","type-page","status-publish","hentry"],"_links":{"self":[{"href":"https:\/\/galaxik.cz\/domu\/wp-json\/wp\/v2\/pages\/3537","targetHints":{"allow":["GET"]}}],"collection":[{"href":"https:\/\/galaxik.cz\/domu\/wp-json\/wp\/v2\/pages"}],"about":[{"href":"https:\/\/galaxik.cz\/domu\/wp-json\/wp\/v2\/types\/page"}],"author":[{"embeddable":true,"href":"https:\/\/galaxik.cz\/domu\/wp-json\/wp\/v2\/users\/1"}],"replies":[{"embeddable":true,"href":"https:\/\/galaxik.cz\/domu\/wp-json\/wp\/v2\/comments?post=3537"}],"version-history":[{"count":112,"href":"https:\/\/galaxik.cz\/domu\/wp-json\/wp\/v2\/pages\/3537\/revisions"}],"predecessor-version":[{"id":3940,"href":"https:\/\/galaxik.cz\/domu\/wp-json\/wp\/v2\/pages\/3537\/revisions\/3940"}],"wp:attachment":[{"href":"https:\/\/galaxik.cz\/domu\/wp-json\/wp\/v2\/media?parent=3537"}],"curies":[{"name":"wp","href":"https:\/\/api.w.org\/{rel}","templated":true}]}}